{"id":3475,"date":"2021-10-27T17:14:50","date_gmt":"2021-10-27T15:14:50","guid":{"rendered":"https:\/\/ewelinajakubiak.pl\/blog\/?page_id=3475"},"modified":"2021-10-27T17:19:31","modified_gmt":"2021-10-27T15:19:31","slug":"polityka-prywatnosci","status":"publish","type":"page","link":"https:\/\/ewelinajakubiak.pl\/blog\/polityka-prywatnosci\/","title":{"rendered":"Polityka prywatno\u015bci"},"content":{"rendered":"\t\t<div data-elementor-type=\"wp-page\" data-elementor-id=\"3475\" class=\"elementor elementor-3475\">\n\t\t\t\t\t\t\t\t\t<section class=\"elementor-section elementor-top-section elementor-element elementor-element-4e414937 elementor-section-boxed elementor-section-height-default elementor-section-height-default\" data-id=\"4e414937\" data-element_type=\"section\">\n\t\t\t\t\t\t<div class=\"elementor-container elementor-column-gap-default\">\n\t\t\t\t\t<div class=\"elementor-column elementor-col-100 elementor-top-column elementor-element elementor-element-14eaf3cb\" data-id=\"14eaf3cb\" data-element_type=\"column\">\n\t\t\t<div class=\"elementor-widget-wrap elementor-element-populated\">\n\t\t\t\t\t\t\t\t<div class=\"elementor-element elementor-element-6052feaf elementor-widget elementor-widget-text-editor\" data-id=\"6052feaf\" data-element_type=\"widget\" data-widget_type=\"text-editor.default\">\n\t\t\t\t<div class=\"elementor-widget-container\">\n\t\t\t\t\t\t\t<p class=\"\"><strong>Polityka prywatno\u015bci<\/strong><\/p>\n<p class=\"\"><strong>1.W\u0142a\u015bcicielem strony jest Ewelina Jakubiak ul. Mydlarska 81 04-690 Warszawa<\/strong><\/p>\n<p class=\"\"><strong>adres strony internetowej www.ewelinajakubiak.pl oraz www.ewelinajakubiak.pl\/blog<\/strong><\/p>\n<p class=\"\"><strong>2. Ewelina Jakubiak okre\u015bla w polityce prywatno\u015bci zasady przetwarzania danych osobowych,<\/strong><\/p>\n<p class=\"\"><strong>kt\u00f3re zosta\u0142y udost\u0119pnione podczas korzystania z us\u0142ug serwisu.<\/strong><\/p>\n<p class=\"\"><strong>3. Administrator przetwarza dane na podstawie zgody u\u017cytkownika oraz w przypadkach wskazanych w ROZPORZ\u0104DZENIU PARLAMENTU EUROPEJSKIEGO I RADY (UE) 2016\/679 z dnia 27 kwietnia 2016 r. w sprawie ochrony os\u00f3b fizycznych w zwi\u0105zku z przetwarzaniem danych osobowych i w sprawie swobodnego przep\u0142ywu takich danych oraz uchylenia dyrektywy 95\/46\/WE.<\/strong><\/p>\n<p class=\"\"><strong>4. Dane osobowe, kt\u00f3re s\u0105 przetwarzane w nast\u0119puj\u0105cych celach:\u00a0<\/strong><\/p>\n<p class=\"\"><strong>a) W celu kontaktu u\u017cytkownik\u00f3w na portalu https:\/\/www.ewelinajakubiak.pl z Ewelina Jakubiak oraz kontaktu u\u017cytkownik\u00f3w na blogu https:\/\/www.ewelinajakubiak.pl\/blog z Ewelina Jakubiak<\/strong><\/p>\n<p class=\"\"><strong>b) Przesy\u0142ania wiadomo\u015bci o charakterze marketingowym oraz szkoleniowym Administratora na adres e-mail u\u017cytkownik\u00f3w www.ewelinajakubiak.pl oraz www.ewelinajakubiak.pl\/blog<\/strong><\/p>\n<p class=\"\"><strong>5. Przetwarzane s\u0105 nast\u0119puj\u0105ce kategorie danych osobowych:<\/strong><\/p>\n<p class=\"\"><strong>a) Adres e-mail, kt\u00f3ry zosta\u0142 udost\u0119pniony przez u\u017cytkownika podczas:<\/strong><\/p>\n<p class=\"\"><strong>1. Zapisania si\u0119 do newslettera oraz bezp\u0142atne materia\u0142y szkoleniowe.<\/strong><\/p>\n<p class=\"\"><strong>2. Podczas rejestracji.<\/strong><\/p>\n<p class=\"\"><strong>b) Imi\u0119 oraz nazwisko podane podczas rejestracji;<\/strong><\/p>\n<p class=\"\"><strong>c) Numer telefonu;<\/strong><\/p>\n<p class=\"\"><strong>d) Numer IP, o ile, w danej sytuacji stanowi dane osobowe.<\/strong><\/p>\n<p class=\"\"><strong>6. W zwi\u0105zku z celem wskazanym w ust. 4 a) niniejszej polityki jest przetwarzane imi\u0119 i nazwisko, adres e-mail, numer telefonu oraz numer IP, o ile w danych warunkach stanowi dane osobowe. Przetwarzanie nast\u0119puje na podstawie zgody u\u017cytkownika oraz w zwi\u0105zku z \u015bwiadczenie us\u0142ugi drog\u0105 elektroniczn\u0105. Podstaw\u0105 prawn\u0105 do przetwarzania danych osobowych jest art. 6 ust. 1 lit. b<\/strong><\/p>\n<p class=\"\"><strong>RODO &#8211; ROZPORZ\u0104DZENIE PARLAMENTU EUROPEJSKIEGO I RADY (UE) 2016\/679 z dnia 27 kwietnia 2016 r. w sprawie ochrony os\u00f3b fizycznych w zwi\u0105zku z przetwarzaniem danych osobowych i w sprawie swobodnego przep\u0142ywu takich danych oraz uchylenia dyrektywy 95\/46\/WE tj. celem wykonania umowy. (og\u00f3lne rozporz\u0105dzenie o ochronie danych)<\/strong><\/p>\n<p class=\"\"><strong>7. W zwi\u0105zku z celem wskazanym w ust. 4 b) niniejszej polityki jest przetwarzany wy\u0142\u0105cznie adres e-mail. Przetwarzanie nast\u0119puje na podstawie zgody u\u017cytkownika. Podstaw\u0105 prawn\u0105 do przetwarzania danych osobowych jest art. 6 ust. 1 lit. a i f ROZPORZ\u0104DZENIE PARLAMENTU EUROPEJSKIEGO I RADY (UE) 2016\/679 z dnia 27 kwietnia 2016 r. w sprawie ochrony os\u00f3b fizycznych w zwi\u0105zku z przetwarzaniem danych osobowych i w sprawie swobodnego przep\u0142ywu takich danych oraz uchylenia dyrektywy 95\/46\/WE.<\/strong><\/p>\n<p class=\"\"><strong>8. Administrator b\u0119dzie przechowywa\u0142 dane przez czas nieokre\u015blony b\u0105d\u017a do czasu, gdy u\u017cytkownik wyrazi sprzeciw wzgl\u0119dem przetwarzania powy\u017cszych danych.<\/strong><\/p>\n<p class=\"\"><strong>9. Ka\u017cdy u\u017cytkownik ma prawo do \u017c\u0105dania od administratora dost\u0119pu do danych osobowych go dotycz\u0105cych, ich sprostowania, usuni\u0119cia, ograniczenia przetwarzania lub do wniesienia sprzeciwu wobec przetwarzania, a tak\u017ce prawo do przeniesienia jego danych osobowych oraz wycofania wyra\u017conej zgody na przetwarzanie danych osobowych.<\/strong><\/p>\n<p class=\"\"><strong>10. U\u017cytkownikowi przys\u0142uguje prawo do wniesienia skargi do organu nadzorczego na naruszenie przepis\u00f3w odno\u015bnie prawa o ochronie danych osobowych.<\/strong><\/p>\n<p class=\"\"><strong>11. Podanie danych osobowych w celu wskazanym w ust. 4 a) jest dobrowolne, jednak\u017ce brak ich podania sprawi, i\u017c Administrator nie b\u0119dzie wstanie spe\u0142ni\u0107 \u015bwiadczenia w postaci\u00a0<\/strong><strong>odpowiedzi na pytanie.\u00a0<\/strong><\/p>\n<p class=\"\"><strong>12. Podanie danych osobowych w celu wskazanym w ust. 4 b) jest dobrowolny. \u015awiadczona us\u0142uga przez Administratora nie jest uzale\u017cniona od wyra\u017cenia zgody na przesy\u0142anie materia\u0142\u00f3w marketingowych Administratora.<\/strong><\/p>\n<p class=\"\"><strong>13. Odbiorcami danych osobowych b\u0119dzie wy\u0142\u0105cznie w\u0142a\u015bciciel strony Ewelina Jakubiak<\/strong><\/p>\n<p class=\"\"><strong>Newsletter<\/strong><\/p>\n<p class=\"\"><strong>1. W serwisie prowadzony jest newsletter, kt\u00f3ry umo\u017cliwia otrzymanie informacji na temat najnowszych artyku\u0142\u00f3w oraz materia\u0142\u00f3w wideo. W tym celu nale\u017cy poda\u0107 sw\u00f3j adres email. Podanie adresu e-mail w celu wskazanym w ust. 4 b) jest dobrowolne. Poda\u0107 adres e-mail w celach marketingowych mo\u017cna zar\u00f3wno za pomoc\u0105 newsletter.<\/strong><\/p>\n<p class=\"\"><strong>2. W ka\u017cdej chwili u\u017cytkownik mo\u017ce odwo\u0142a\u0107 udzielon\u0105 zgod\u0119 poprzez wyra\u017cenie sprzeciwu na adres e-mail Administratora tj. esylwetkaejakubiak@gmail.com lub klikaj\u0105c w link umieszczony w ka\u017cdej wiadomo\u015bci przychodz\u0105cej do u\u017cytkownika.<\/strong><\/p>\n<p class=\"\"><strong>Ciasteczka<\/strong><\/p>\n<p class=\"\"><strong>Serwis wykorzystuje niewielkie pliki zwane plikami cookies (ciasteczkami) do cel\u00f3w statystycznych oraz poprawy funkcjonalno\u015bci serwisu. S\u0105 one zapisywane przez administratora za po\u015brednictwem serwisu na komputerze osoby odwiedzaj\u0105cej niniejszy serwis, je\u017celi przegl\u0105darka internetowa odwiedzaj\u0105cej osoby na to pozwala. W tym celu przetwarzane s\u0105 takie dane jak: Tw\u00f3j adres IP, typ przegl\u0105darki, typ systemu operacyjnego, przegl\u0105dane przez ciebie podstrony serwisu oraz czas na to po\u015bwi\u0119cony. Zbierane w ten spos\u00f3b informacje pomagaj\u0105 dostosowa\u0107 stron\u0119 internetow\u0105 do urz\u0105dzenia odwiedzaj\u0105cego, usprawni\u0107 funkcjonalno\u015b\u0107 serwisu oraz daj\u0105 mo\u017cliwo\u015b\u0107 opracowania og\u00f3lnych statystyk odwiedzin serwisu. Mechanizm plik\u00f3w cookies nie powoduje \u017cadnych zagro\u017ce\u0144 na urz\u0105dzeniu odwiedzaj\u0105cego serwis. Jednak\u017ce, gdy nie zgadzasz si\u0119 na przesy\u0142anie plik\u00f3w cookies, to mo\u017cesz za pomoc\u0105 ustawie\u0144 przegl\u0105darki zablokowa\u0107 przesy\u0142anie plik\u00f3w cookies. W przypadku wy\u0142\u0105czenia plik\u00f3w cookies korzystanie z serwisu b\u0119dzie mo\u017cliwe, poza funkcjami, kt\u00f3re ze swojej natury wymagaj\u0105 plik\u00f3w cookies. gromadzi tak\u017ce adresy IP odwiedzaj\u0105cych niniejszy serwis. Adres IP to numer przydzielany komputerowi osoby odwiedzaj\u0105cej serwis przez dostawc\u0119 us\u0142ug internetowych. Adres IP jest wykorzystywany przez administratora przy tworzeniu analiz statystycznych, diagnozowaniu problem\u00f3w technicznych z serwerem, a tak\u017ce w celach bezpiecze\u0144stwa oraz ewentualnej identyfikacji obci\u0105\u017caj\u0105cych serwer, niepo\u017c\u0105danych automatycznych program\u00f3w do przegl\u0105dania tre\u015bci serwisu.<\/strong><\/p>\t\t\t\t\t\t<\/div>\n\t\t\t\t<\/div>\n\t\t\t\t\t<\/div>\n\t\t<\/div>\n\t\t\t\t\t\t\t<\/div>\n\t\t<\/section>\n\t\t\t\t\t\t\t<\/div>\n\t\t","protected":false},"excerpt":{"rendered":"<p>Polityka prywatno\u015bci 1.W\u0142a\u015bcicielem strony jest Ewelina Jakubiak ul. Mydlarska 81 04-690 Warszawa adres strony internetowej www.ewelinajakubiak.pl oraz www.ewelinajakubiak.pl\/blog 2. Ewelina Jakubiak okre\u015bla w polityce prywatno\u015bci zasady przetwarzania danych osobowych, kt\u00f3re zosta\u0142y udost\u0119pnione podczas korzystania z us\u0142ug serwisu. 3. Administrator przetwarza dane na podstawie zgody u\u017cytkownika oraz w przypadkach wskazanych w ROZPORZ\u0104DZENIU PARLAMENTU EUROPEJSKIEGO I RADY &hellip;<\/p>\n<p class=\"read-more\"> <a class=\"\" href=\"https:\/\/ewelinajakubiak.pl\/blog\/polityka-prywatnosci\/\"> <span class=\"screen-reader-text\">Polityka prywatno\u015bci<\/span> Read More &raquo;<\/a><\/p>\n","protected":false},"author":1,"featured_media":0,"parent":0,"menu_order":0,"comment_status":"closed","ping_status":"closed","template":"elementor_canvas","meta":{"footnotes":""},"_links":{"self":[{"href":"https:\/\/ewelinajakubiak.pl\/blog\/wp-json\/wp\/v2\/pages\/3475"}],"collection":[{"href":"https:\/\/ewelinajakubiak.pl\/blog\/wp-json\/wp\/v2\/pages"}],"about":[{"href":"https:\/\/ewelinajakubiak.pl\/blog\/wp-json\/wp\/v2\/types\/page"}],"author":[{"embeddable":true,"href":"https:\/\/ewelinajakubiak.pl\/blog\/wp-json\/wp\/v2\/users\/1"}],"replies":[{"embeddable":true,"href":"https:\/\/ewelinajakubiak.pl\/blog\/wp-json\/wp\/v2\/comments?post=3475"}],"version-history":[{"count":3,"href":"https:\/\/ewelinajakubiak.pl\/blog\/wp-json\/wp\/v2\/pages\/3475\/revisions"}],"predecessor-version":[{"id":3478,"href":"https:\/\/ewelinajakubiak.pl\/blog\/wp-json\/wp\/v2\/pages\/3475\/revisions\/3478"}],"wp:attachment":[{"href":"https:\/\/ewelinajakubiak.pl\/blog\/wp-json\/wp\/v2\/media?parent=3475"}],"curies":[{"name":"wp","href":"https:\/\/api.w.org\/{rel}","templated":true}]}}